{"id":1400,"date":"2021-11-30T15:44:49","date_gmt":"2021-11-30T14:44:49","guid":{"rendered":"http:\/\/www.giochidilegno.com\/?post_type=product&#038;p=1400"},"modified":"2025-12-03T18:43:51","modified_gmt":"2025-12-03T17:43:51","slug":"sevi","status":"publish","type":"product","link":"https:\/\/www.giochidilegno.com\/index.php\/prodotto\/sevi\/","title":{"rendered":"Sevi"},"content":{"rendered":"<p><span class=\"a-list-item\"> Pratica valigetta del dottore con 10 accessori inclusi progettata In Italia. <\/span><span class=\"a-list-item\">Sviluppato nel rispetto delle pi\u00f9 severe norme di sicurezza, vernici atossiche e resistenti. <\/span><\/p>\n<p>Sevi rappresenta una magica interpretazione del legno, e la creativit\u00e0 prende forma in oggetti per giocare, decorare e regalare. Il marchio di giochi e accessori in legno pi\u00f9 antico in Europa, racchiude in s\u00e9 tradizione, qualit\u00e0, design rigorosamente italiano, materie prime naturali, armonia nei colori e nelle forme, sicurezza e lavorazione artigianale. \u201cSevi \u00e8 la tradizione che si rinnova\u201d.<\/p>\n","protected":false},"excerpt":{"rendered":"<p id=\"title\" class=\"a-size-large a-spacing-none\"><span id=\"productTitle\" class=\"a-size-large product-title-word-break\">Valigetta del dottore<\/span><\/p>\n","protected":false},"featured_media":1401,"comment_status":"open","ping_status":"closed","template":"","meta":[],"product_brand":[],"product_cat":[47,51,58,93,121],"product_tag":[],"class_list":{"0":"post-1400","1":"product","2":"type-product","3":"status-publish","4":"has-post-thumbnail","6":"product_cat-0-3","7":"product_cat-3-6","8":"product_cat-6-9-anni","9":"product_cat-travestimenti","10":"product_cat-trudi-sevi","12":"first","13":"instock","14":"shipping-taxable","15":"product-type-external"},"jetpack_sharing_enabled":true,"_links":{"self":[{"href":"https:\/\/www.giochidilegno.com\/index.php\/wp-json\/wp\/v2\/product\/1400","targetHints":{"allow":["GET"]}}],"collection":[{"href":"https:\/\/www.giochidilegno.com\/index.php\/wp-json\/wp\/v2\/product"}],"about":[{"href":"https:\/\/www.giochidilegno.com\/index.php\/wp-json\/wp\/v2\/types\/product"}],"replies":[{"embeddable":true,"href":"https:\/\/www.giochidilegno.com\/index.php\/wp-json\/wp\/v2\/comments?post=1400"}],"wp:featuredmedia":[{"embeddable":true,"href":"https:\/\/www.giochidilegno.com\/index.php\/wp-json\/wp\/v2\/media\/1401"}],"wp:attachment":[{"href":"https:\/\/www.giochidilegno.com\/index.php\/wp-json\/wp\/v2\/media?parent=1400"}],"wp:term":[{"taxonomy":"product_brand","embeddable":true,"href":"https:\/\/www.giochidilegno.com\/index.php\/wp-json\/wp\/v2\/product_brand?post=1400"},{"taxonomy":"product_cat","embeddable":true,"href":"https:\/\/www.giochidilegno.com\/index.php\/wp-json\/wp\/v2\/product_cat?post=1400"},{"taxonomy":"product_tag","embeddable":true,"href":"https:\/\/www.giochidilegno.com\/index.php\/wp-json\/wp\/v2\/product_tag?post=1400"}],"curies":[{"name":"wp","href":"https:\/\/api.w.org\/{rel}","templated":true}]}}