{"id":1253,"date":"2021-10-04T19:02:15","date_gmt":"2021-10-04T17:02:15","guid":{"rendered":"http:\/\/www.giochidilegno.com\/?post_type=product&#038;p=1253"},"modified":"2021-10-07T17:39:36","modified_gmt":"2021-10-07T15:39:36","slug":"3-sprouts","status":"publish","type":"product","link":"https:\/\/www.giochidilegno.com\/index.php\/prodotto\/3-sprouts\/","title":{"rendered":"3 Sprouts"},"content":{"rendered":"<p>Il baule portagiochi 3Sprouts \u00e8 perfetto per tenere in ordine ogni cameretta, grazie ai lati rinforzati il baule rimarr\u00e0 in piedi anche vuoto e il coperchio terr\u00e0 i giochi nascosti.<\/p>\n","protected":false},"excerpt":{"rendered":"<p class=\"a-spacing-mini\">Baule portagiochi<\/p>\n","protected":false},"featured_media":1254,"comment_status":"open","ping_status":"closed","template":"","meta":[],"product_brand":[],"product_cat":[47,51,66,58,67],"product_tag":[],"class_list":{"0":"post-1253","1":"product","2":"type-product","3":"status-publish","4":"has-post-thumbnail","6":"product_cat-0-3","7":"product_cat-3-6","8":"product_cat-3sprouts","9":"product_cat-6-9-anni","10":"product_cat-contenitori","12":"first","13":"instock","14":"shipping-taxable","15":"product-type-external"},"jetpack_sharing_enabled":true,"_links":{"self":[{"href":"https:\/\/www.giochidilegno.com\/index.php\/wp-json\/wp\/v2\/product\/1253","targetHints":{"allow":["GET"]}}],"collection":[{"href":"https:\/\/www.giochidilegno.com\/index.php\/wp-json\/wp\/v2\/product"}],"about":[{"href":"https:\/\/www.giochidilegno.com\/index.php\/wp-json\/wp\/v2\/types\/product"}],"replies":[{"embeddable":true,"href":"https:\/\/www.giochidilegno.com\/index.php\/wp-json\/wp\/v2\/comments?post=1253"}],"wp:featuredmedia":[{"embeddable":true,"href":"https:\/\/www.giochidilegno.com\/index.php\/wp-json\/wp\/v2\/media\/1254"}],"wp:attachment":[{"href":"https:\/\/www.giochidilegno.com\/index.php\/wp-json\/wp\/v2\/media?parent=1253"}],"wp:term":[{"taxonomy":"product_brand","embeddable":true,"href":"https:\/\/www.giochidilegno.com\/index.php\/wp-json\/wp\/v2\/product_brand?post=1253"},{"taxonomy":"product_cat","embeddable":true,"href":"https:\/\/www.giochidilegno.com\/index.php\/wp-json\/wp\/v2\/product_cat?post=1253"},{"taxonomy":"product_tag","embeddable":true,"href":"https:\/\/www.giochidilegno.com\/index.php\/wp-json\/wp\/v2\/product_tag?post=1253"}],"curies":[{"name":"wp","href":"https:\/\/api.w.org\/{rel}","templated":true}]}}